{"id":2589,"date":"2013-04-08T16:21:55","date_gmt":"2013-04-08T16:21:55","guid":{"rendered":"https:\/\/www.fourgrandmere.com\/?post_type=product&#038;p=2589"},"modified":"2025-04-11T12:58:15","modified_gmt":"2025-04-11T10:58:15","slug":"poele-a-marrons","status":"publish","type":"product","link":"https:\/\/www.fourgrandmere.com\/fr\/produit\/poele-a-marrons\/","title":{"rendered":"Po\u00eale \u00e0 Marrons"},"content":{"rendered":"<p>Fabriqu\u00e9e en acier, elle est perfor\u00e9e et pourvue d&rsquo;un grand manche. Son diam\u00e8tre est de 28 cm, ce qui permet de cuire simultan\u00e9ment, environ, une quinzaine de marrons.<\/p>\n<p>Fabrication fran\u00e7aise.<\/p>\n","protected":false},"excerpt":{"rendered":"<p>Notre po\u00eale \u00e0 marrons permet de griller vos marrons efficacement. Con\u00e7ue en acier, elle r\u00e9siste parfaitement aux hautes temp\u00e9ratures pour une cuisson r\u00e9guli\u00e8re et de qualit\u00e9.<\/p>\n","protected":false},"featured_media":3788,"comment_status":"open","ping_status":"closed","template":"","meta":{"_acf_changed":false},"product_brand":[],"product_cat":[410,401],"product_tag":[],"class_list":{"0":"post-2589","1":"product","2":"type-product","3":"status-publish","4":"has-post-thumbnail","6":"product_cat-accessoires","7":"product_cat-articles-de-cuisine","8":"product_shipping_class-emballage","9":"pa_diametre-interieur-28-cm","10":"pa_longueur-90-cm","12":"first","13":"instock","14":"taxable","15":"shipping-taxable","16":"purchasable","17":"product-type-simple"},"acf":[],"_links":{"self":[{"href":"https:\/\/www.fourgrandmere.com\/fr\/wp-json\/wp\/v2\/product\/2589","targetHints":{"allow":["GET"]}}],"collection":[{"href":"https:\/\/www.fourgrandmere.com\/fr\/wp-json\/wp\/v2\/product"}],"about":[{"href":"https:\/\/www.fourgrandmere.com\/fr\/wp-json\/wp\/v2\/types\/product"}],"replies":[{"embeddable":true,"href":"https:\/\/www.fourgrandmere.com\/fr\/wp-json\/wp\/v2\/comments?post=2589"}],"wp:featuredmedia":[{"embeddable":true,"href":"https:\/\/www.fourgrandmere.com\/fr\/wp-json\/wp\/v2\/media\/3788"}],"wp:attachment":[{"href":"https:\/\/www.fourgrandmere.com\/fr\/wp-json\/wp\/v2\/media?parent=2589"}],"wp:term":[{"taxonomy":"product_brand","embeddable":true,"href":"https:\/\/www.fourgrandmere.com\/fr\/wp-json\/wp\/v2\/product_brand?post=2589"},{"taxonomy":"product_cat","embeddable":true,"href":"https:\/\/www.fourgrandmere.com\/fr\/wp-json\/wp\/v2\/product_cat?post=2589"},{"taxonomy":"product_tag","embeddable":true,"href":"https:\/\/www.fourgrandmere.com\/fr\/wp-json\/wp\/v2\/product_tag?post=2589"}],"curies":[{"name":"wp","href":"https:\/\/api.w.org\/{rel}","templated":true}]}}