{"id":2706,"date":"2014-09-26T13:48:10","date_gmt":"2014-09-26T13:48:10","guid":{"rendered":"https:\/\/www.fourgrandmere.com\/?post_type=product&#038;p=2706"},"modified":"2025-02-10T15:47:35","modified_gmt":"2025-02-10T14:47:35","slug":"four-a-pain-rotatif-foyer-lateral-fboulr2000fl","status":"publish","type":"product","link":"https:\/\/www.fourgrandmere.com\/fr\/produit\/four-a-pain-rotatif-foyer-lateral-fboulr2000fl\/","title":{"rendered":"Four \u00e0 pain rotatif foyer lat\u00e9ral FBOULR2000FL"},"content":{"rendered":"<p>Parfaitement adapt\u00e9 aux petites boulangeries, le R 2000 FL est le plus compact de notre gamme de <a href=\"https:\/\/www.fourgrandmere.com\/categorie-produit\/professionnels\/fours-pour-boulangeries\/fours-a-bois-rotatifs-a-foyer-lateral\/\"><strong>fours rotatifs \u00e0 foyer lat\u00e9ral.<\/strong><\/a> Con\u00e7u pour offrir une cuisson homog\u00e8ne, ce four peut cuire jusqu&rsquo;\u00e0 <strong>75 baguettes ou 45 pains de 500 g par heure<\/strong> gr\u00e2ce \u00e0 sa sole tournante \u00e0 vitesse constante qui est chauff\u00e9 uniform\u00e9ment sur toute sa surface.<\/p>\n<p>Ce mod\u00e8le de four de boulangerie rotatif se distingue des fours de boulangeries traditionnels par sa facilit\u00e9 d\u2019utilisation et sa maniabilit\u00e9 exceptionnelle, rendues possibles par un gueulard lat\u00e9ral avec un clapet actionnable en fa\u00e7ade, et sa sole rotative motoris\u00e9e. Vous pouvez facilement d\u00e9marrer, arr\u00eater ou ajuster la vitesse de la sole motoris\u00e9e en un seul geste, b\u00e9n\u00e9ficiant ainsi de tous les avantages de la combinaison entre foyer lat\u00e9ral et sole tournante.<\/p>\n<p>Le R 2000 FL est \u00e9quip\u00e9 d&rsquo;une vo\u00fbte en chamotte r\u00e9fractaire et d&rsquo;un foyer lat\u00e9ral, disponible \u00e0 droite ou \u00e0 gauche selon vos pr\u00e9f\u00e9rences. Ce four int\u00e8gre un <strong>syst\u00e8me de vapeur passif<\/strong> <strong>avec un pi\u00e9droit<\/strong>, aliment\u00e9 par une <strong>\u00e9lectrovanne<\/strong>, garantissant une cuisson parfaite pour une cro\u00fbte brillante et un pain bien gonfl\u00e9. \u00c0 la fin de chaque fourn\u00e9e, l&rsquo;extracteur de bu\u00e9e, reli\u00e9 \u00e0 un ventilateur fourni, diffuse une d\u00e9licieuse odeur de pain frais vers votre magasin ou dans la rue, attirant ainsi les passants vers votre boulangerie.<\/p>\n<p>&nbsp;<\/p>\n<h4>Garantie et service client.<\/h4>\n<p>Four fabriqu\u00e9 en France, dans nos ateliers. <strong>Garantie pi\u00e8ces 5 ans (10 ans avec l\u2019option brique)<\/strong> dans toute l\u2019Union europ\u00e9enne, en Grande-Bretagne, en Norv\u00e8ge et en Suisse pour un usage professionnel intensif.<\/p>\n","protected":false},"excerpt":{"rendered":"<p>Four \u00e0 pain rotatif \u00e0 foyer lat\u00e9ral destin\u00e9 aux petites boulangeries. Cuisez de fa\u00e7on uniforme <strong>75 baguettes ou 45 pains de 500 g<\/strong> par heure\u00a0!<\/p>\n","protected":false},"featured_media":2707,"comment_status":"open","ping_status":"closed","template":"","meta":{"_acf_changed":false},"product_brand":[],"product_cat":[308,329,365],"product_tag":[713],"class_list":{"0":"post-2706","1":"product","2":"type-product","3":"status-publish","4":"has-post-thumbnail","6":"product_cat-fours-pour-boulangeries","7":"product_cat-fours-a-bois-rotatifs-a-foyer-lateral","8":"product_cat-professionnels","9":"product_tag-four","10":"pa_surface-de-la-sole-1168","12":"first","13":"outofstock","14":"taxable","15":"shipping-taxable","16":"purchasable","17":"product-type-simple"},"acf":[],"_links":{"self":[{"href":"https:\/\/www.fourgrandmere.com\/fr\/wp-json\/wp\/v2\/product\/2706","targetHints":{"allow":["GET"]}}],"collection":[{"href":"https:\/\/www.fourgrandmere.com\/fr\/wp-json\/wp\/v2\/product"}],"about":[{"href":"https:\/\/www.fourgrandmere.com\/fr\/wp-json\/wp\/v2\/types\/product"}],"replies":[{"embeddable":true,"href":"https:\/\/www.fourgrandmere.com\/fr\/wp-json\/wp\/v2\/comments?post=2706"}],"wp:featuredmedia":[{"embeddable":true,"href":"https:\/\/www.fourgrandmere.com\/fr\/wp-json\/wp\/v2\/media\/2707"}],"wp:attachment":[{"href":"https:\/\/www.fourgrandmere.com\/fr\/wp-json\/wp\/v2\/media?parent=2706"}],"wp:term":[{"taxonomy":"product_brand","embeddable":true,"href":"https:\/\/www.fourgrandmere.com\/fr\/wp-json\/wp\/v2\/product_brand?post=2706"},{"taxonomy":"product_cat","embeddable":true,"href":"https:\/\/www.fourgrandmere.com\/fr\/wp-json\/wp\/v2\/product_cat?post=2706"},{"taxonomy":"product_tag","embeddable":true,"href":"https:\/\/www.fourgrandmere.com\/fr\/wp-json\/wp\/v2\/product_tag?post=2706"}],"curies":[{"name":"wp","href":"https:\/\/api.w.org\/{rel}","templated":true}]}}