{"id":2808,"date":"2015-01-16T14:46:44","date_gmt":"2015-01-16T14:46:44","guid":{"rendered":"https:\/\/www.fourgrandmere.com\/?post_type=product&#038;p=2808"},"modified":"2025-06-25T11:09:45","modified_gmt":"2025-06-25T09:09:45","slug":"four-a-pizza-1200rsp-bois-sole-tournante-oe-120-cm","status":"publish","type":"product","link":"https:\/\/www.fourgrandmere.com\/fr\/produit\/four-a-pizza-1200rsp-bois-sole-tournante-oe-120-cm\/","title":{"rendered":"Four \u00e0 bois \u00e0 sole rotative 1200 RSP pour pizzaiolos"},"content":{"rendered":"<p>Offrez \u00e0 vos clients des pizzas d\u2019exception avec le four \u00e0 bois rotatif 1200 RSP. Con\u00e7u sp\u00e9cifiquement pour les restaurateurs et pizzaiolos, ce four \u00e0 sole rotative, de la gamme de <a href=\"https:\/\/www.fourgrandmere.com\/categorie-produit\/professionnels\/fours-a-pizzas-professionnels\/fours-a-bois-a-sole-tournante\/\">fours \u00e0 bois rotatifs pour pizzerias et restaurants<\/a>, permet aux pizzas de d\u00e9filer plusieurs fois devant le foyer. Cette technologie facilite la <strong>cuisson homog\u00e8ne<\/strong> des pizzas et tartes flamb\u00e9es, Mais aussi le confort du pizzaiolo qui n\u2019a besoin de tourner ses pizzas qu\u2019une fois au cours de la cuisson.<\/p>\n<p>Le four \u00e0 sole rotative 1200 RSP ne se contente pas d&rsquo;am\u00e9liorer les performances de cuisson : il permet \u00e9galement un gain de temps consid\u00e9rable \u00a0 en r\u00e9duisant donc l\u2019effort n\u00e9cessaire pour le pizzaiolo. De plus, sa vo\u00fbte basse optimise la consommation de bois, permettant une <strong>r\u00e9duction de consommation jusqu&rsquo;\u00e0 30 %<\/strong> par rapport aux mod\u00e8les traditionnels \u00e0 vo\u00fbte haute, tout en maintenant un rendement de cuisson optimal.<\/p>\n<p>Avec le 1200 RSP, vous combinez tradition et innovation, et offrez \u00e0 vos clients des pizzas cuites au feu de bois, au go\u00fbt in\u00e9galables et le spectacle si appr\u00e9ci\u00e9 de la cuisson \u00e0 la flamme.<\/p>\n<h4><\/h4>\n<h4>Garantie et service client.<\/h4>\n<p>Four fabriqu\u00e9 en France, dans nos ateliers. <strong>Garantie pi\u00e8ces 5 ans<\/strong> dans toute l\u2019Union europ\u00e9enne, en Grande-Bretagne, en Norv\u00e8ge et en Suisse pour un usage professionnel.<\/p>\n","protected":false},"excerpt":{"rendered":"<p>Retrouvez le <strong>four \u00e0 bois \u00e0 sole rotative 1200 RSP<\/strong>. Destin\u00e9 aux restaurants et pizzerias, ce four rotatif vous permet d\u2019enfourner jusqu\u2019\u00e0 <strong>7 pizzas simultan\u00e9ment<\/strong> !<\/p>\n","protected":false},"featured_media":10478,"comment_status":"open","ping_status":"closed","template":"","meta":{"_acf_changed":false},"product_brand":[],"product_cat":[344,986,365,332],"product_tag":[713],"class_list":{"0":"post-2808","1":"product","2":"type-product","3":"status-publish","4":"has-post-thumbnail","6":"product_cat-fours-a-bois-a-sole-tournante","7":"product_cat-fours-a-bois-rotatifs-monoblocs","8":"product_cat-professionnels","9":"product_cat-fours-a-pizzas-professionnels","10":"product_tag-four","11":"pa_surface-de-la-sole-976","13":"first","14":"outofstock","15":"purchasable","16":"product-type-simple"},"acf":[],"_links":{"self":[{"href":"https:\/\/www.fourgrandmere.com\/fr\/wp-json\/wp\/v2\/product\/2808","targetHints":{"allow":["GET"]}}],"collection":[{"href":"https:\/\/www.fourgrandmere.com\/fr\/wp-json\/wp\/v2\/product"}],"about":[{"href":"https:\/\/www.fourgrandmere.com\/fr\/wp-json\/wp\/v2\/types\/product"}],"replies":[{"embeddable":true,"href":"https:\/\/www.fourgrandmere.com\/fr\/wp-json\/wp\/v2\/comments?post=2808"}],"wp:featuredmedia":[{"embeddable":true,"href":"https:\/\/www.fourgrandmere.com\/fr\/wp-json\/wp\/v2\/media\/10478"}],"wp:attachment":[{"href":"https:\/\/www.fourgrandmere.com\/fr\/wp-json\/wp\/v2\/media?parent=2808"}],"wp:term":[{"taxonomy":"product_brand","embeddable":true,"href":"https:\/\/www.fourgrandmere.com\/fr\/wp-json\/wp\/v2\/product_brand?post=2808"},{"taxonomy":"product_cat","embeddable":true,"href":"https:\/\/www.fourgrandmere.com\/fr\/wp-json\/wp\/v2\/product_cat?post=2808"},{"taxonomy":"product_tag","embeddable":true,"href":"https:\/\/www.fourgrandmere.com\/fr\/wp-json\/wp\/v2\/product_tag?post=2808"}],"curies":[{"name":"wp","href":"https:\/\/api.w.org\/{rel}","templated":true}]}}