{"id":3021,"date":"2016-03-16T11:15:32","date_gmt":"2016-03-16T11:15:32","guid":{"rendered":"https:\/\/www.fourgrandmere.com\/?post_type=product&#038;p=3021"},"modified":"2025-02-21T13:12:18","modified_gmt":"2025-02-21T12:12:18","slug":"f1200l-bois","status":"publish","type":"product","link":"https:\/\/www.fourgrandmere.com\/fr\/produit\/f1200l-bois\/","title":{"rendered":"Four \u00e0 bois pour les camions 1200L"},"content":{"rendered":"<p>Le 1200L est un four l\u00e9ger con\u00e7u tout sp\u00e9cialement pour les camions-pizza. La sole et la voute de ce four \u00e0 bois sont en chamotte r\u00e9fractaire (terre cuite concass\u00e9e) et le cintre d\u2019entr\u00e9e est en brique (porte de 50 cm). Sa large surface de cuisson permet, \u00e0 ce four \u00e0 bois, d\u2019atteindre un haut rendement.<\/p>\n<p>La qualit\u00e9 des pizzas au feu de bois et le spectacle des flammes s\u00e9duiront votre client\u00e8le car rien ne remplace une cuisson dans un four traditionnel.<\/p>\n<p>De plus, gr\u00e2ce \u00e0 sa voute basse, il est \u00e9conome (30% de consommation de bois en moins par rapport \u00e0 un four \u00e0 voute plus haute) et performant.<\/p>\n<h4><\/h4>\n<h4>Garantie et service client.<\/h4>\n<p>Four fabriqu\u00e9 en France, dans nos ateliers.<strong>\u00a0Garantie pi\u00e8ces 5 ans\u00a0(10 ans avec l\u2019option brique)<\/strong>\u00a0dans toute l\u2019Union europ\u00e9enne, en Grande-Bretagne, en Norv\u00e8ge et en Suisse pour un usage professionnel intensif.<\/p>\n","protected":false},"excerpt":{"rendered":"<p>Four \u00e0 pizzas destin\u00e9 aux <strong>camions et remorques<\/strong>. Cuisez <strong>72 pizzas par heure<\/strong> dans ce four traditionnel en chamotte !<\/p>\n","protected":false},"featured_media":7985,"comment_status":"open","ping_status":"closed","template":"","meta":{"_acf_changed":false},"product_brand":[],"product_cat":[386,374,365],"product_tag":[713],"class_list":{"0":"post-3021","1":"product","2":"type-product","3":"status-publish","4":"has-post-thumbnail","6":"product_cat-nos-fours-alleges-pour-camions","7":"product_cat-fours-pour-vehicules","8":"product_cat-professionnels","9":"product_tag-four","10":"pa_surface-de-la-sole-976","12":"first","13":"outofstock","14":"purchasable","15":"product-type-simple"},"acf":[],"_links":{"self":[{"href":"https:\/\/www.fourgrandmere.com\/fr\/wp-json\/wp\/v2\/product\/3021","targetHints":{"allow":["GET"]}}],"collection":[{"href":"https:\/\/www.fourgrandmere.com\/fr\/wp-json\/wp\/v2\/product"}],"about":[{"href":"https:\/\/www.fourgrandmere.com\/fr\/wp-json\/wp\/v2\/types\/product"}],"replies":[{"embeddable":true,"href":"https:\/\/www.fourgrandmere.com\/fr\/wp-json\/wp\/v2\/comments?post=3021"}],"wp:featuredmedia":[{"embeddable":true,"href":"https:\/\/www.fourgrandmere.com\/fr\/wp-json\/wp\/v2\/media\/7985"}],"wp:attachment":[{"href":"https:\/\/www.fourgrandmere.com\/fr\/wp-json\/wp\/v2\/media?parent=3021"}],"wp:term":[{"taxonomy":"product_brand","embeddable":true,"href":"https:\/\/www.fourgrandmere.com\/fr\/wp-json\/wp\/v2\/product_brand?post=3021"},{"taxonomy":"product_cat","embeddable":true,"href":"https:\/\/www.fourgrandmere.com\/fr\/wp-json\/wp\/v2\/product_cat?post=3021"},{"taxonomy":"product_tag","embeddable":true,"href":"https:\/\/www.fourgrandmere.com\/fr\/wp-json\/wp\/v2\/product_tag?post=3021"}],"curies":[{"name":"wp","href":"https:\/\/api.w.org\/{rel}","templated":true}]}}