{"id":3036,"date":"2018-02-08T11:05:27","date_gmt":"2018-02-08T11:05:27","guid":{"rendered":"https:\/\/www.fourgrandmere.com\/?post_type=product&#038;p=3036"},"modified":"2026-01-15T18:18:31","modified_gmt":"2026-01-15T17:18:31","slug":"four-a-bois-fred","status":"publish","type":"product","link":"https:\/\/www.fourgrandmere.com\/fr\/produit\/four-a-bois-fred\/","title":{"rendered":"Four \u00e0 bois design Fred"},"content":{"rendered":"<h4>Le plaisir de la cuisson \u00e0 la flamme sans entretien !<\/h4>\n<p>Avec Fred, vous choisissez bien plus qu&rsquo;un <strong>four \u00e0 bois design<\/strong>. C&rsquo;est un vrai chef que vous invitez chez vous\u00a0!<br \/>\nL&rsquo;habillage contemporain de Fred et ses lignes tr\u00e8s modernes cachent en effet de nombreuses innovations, pour profiter du plaisir de la <strong>cuisson au feu de bois en toute simplicit\u00e9<\/strong>.<\/p>\n<p>Avec ce four \u00e0 bois, faites go\u00fbter au monde entier de d\u00e9licieuses grillades, des pizzas et des tartes flamb\u00e9es. Mais Fred a bien d&rsquo;autres talents\u00a0! Il sait aussi cuire du pain, des plats mijot\u00e9s, des confits, des l\u00e9gumes s\u00e9ch\u00e9s, etc.<br \/>\nSa vo\u00fbte tr\u00e8s basse en chamotte r\u00e9fractaire offre un excellent rayonnement et une belle inertie. Autrement dit, ce four monte vite en temp\u00e9rature et reste chaud longtemps.<\/p>\n<p>Avec Fred, profitez du go\u00fbt inimitable de la <strong>cuisson au feu de bois sans effort<\/strong>. Ce four se nettoie tout seul \u00e0 chaque utilisation, avec la pyrolyse naturelle de la flamme. Un petit coup de balayette \u00e0 la fin de la cuisson, et la sole du four est parfaitement propre.<\/p>\n<p>Pour vous faciliter la vie, Fred cache aussi quelques belles astuces\u2026 jusque dans sa porte. Fabriqu\u00e9e en fonte vitr\u00e9e, la porte se ferme en un seul geste et est tr\u00e8s facile d&rsquo;entretien. Gr\u00e2ce \u00e0 un petit filet d&rsquo;air qui se glisse en dessous, la fum\u00e9e tourbillonne \u00e0 l&rsquo;int\u00e9rieur \u00e0 l&rsquo;approche de la<\/p>\n<p><strong>Four \u00e0 bois avec tr\u00e9pied et chemin\u00e9e pr\u00eate \u00e0 monter.<\/strong><br \/>\nAvec ses 3 pieds en bois poli et sa chemin\u00e9e surmont\u00e9e d\u2019un joli chapeau, il a fi\u00e8re allure notre Fred !<br \/>\nFacile \u00e0 monter et \u00e0 utiliser, il peut s\u2019installer sur une terrasse ou au jardin gr\u00e2ce \u00e0 des v\u00e9rins r\u00e9glables qui vous garantissent un appui isostatique parfait.<\/p>\n<p>vitre, mais ne se fixe pas dessus.<br \/>\nR\u00e9sultat\u00a0: la porte se salit tr\u00e8s peu et ne n\u00e9cessite quasiment pas d&rsquo;entretien.<\/p>\n<h4>Fred, un four \u00e0 bois en kit facile \u00e0 installer et \u00e0 monter.<\/h4>\n<p>Fred vous est livr\u00e9 sous forme de <strong>kit tr\u00e8s facile \u00e0 assembler<\/strong>. Pour monter l&rsquo;ensemble, comptez seulement une demi-journ\u00e9e \u00e0 3. \u00c0 l&rsquo;int\u00e9rieur du colis, Grand-M\u00e8re a tout pr\u00e9vu, y compris le coulis d&rsquo;assemblage. Le montage ne n\u00e9cessite ni ciment ni b\u00e9ton.<\/p>\n<p>Ce four \u00e0 bois est aussi tr\u00e8s facile \u00e0 mettre en place. Ses 3 pieds en sapin massif \u00e0 v\u00e9rins r\u00e9glables vous garantissent un appui isostatique parfait sur n&rsquo;importe quel sol plan non meuble (terrasse pav\u00e9e, dalles, all\u00e9e en graviers\u2026). L\u00e0 encore, aucun travail de ma\u00e7onnerie n&rsquo;est \u00e0 pr\u00e9voir.<\/p>\n<p>Vous envisagez un d\u00e9m\u00e9nagement\u00a0? Grand-M\u00e8re a pens\u00e9 \u00e0 tout. Comme nos fours pour les professionnels, Fred se d\u00e9monte et se remonte tr\u00e8s facilement pour vous suivre partout\u00a0!<\/p>\n<h4>Garantie et service client.<\/h4>\n<p>La vo\u00fbte et la sole de Fred sont <strong>garanties 10\u00a0ans<\/strong> pour un usage domestique normal dans toute l&rsquo;Union europ\u00e9enne, en Grande-Bretagne, en Norv\u00e8ge et en Suisse. Pour toute question ou conseil d&rsquo;utilisation,<a href=\"https:\/\/www.fourgrandmere.com\/fr\/nous-contacter\">\u00a0contactez-nous<\/a>\u00a0ou l&rsquo;un de nos\u00a0<a href=\"https:\/\/www.fourgrandmere.com\/fr\/magasins\">revendeurs agr\u00e9\u00e9s<\/a>.<\/p>\n<p>&nbsp;<\/p>\n<p>D\u00e9couvrez <a href=\"https:\/\/www.fourgrandmere.com\/fr\/content\/28-recettes-avec-alfred\">nos recettes avec Alfred<\/a>!<\/p>\n<p><iframe style=\"margin-left: auto; margin-right: auto;\" src=\"https:\/\/www.youtube.com\/embed\/OE9wm3ShCwY?rel=0\" width=\"560\" height=\"315\" frameborder=\"0\"><\/iframe><\/p>\n<p>D\u00e9couvrez d&rsquo;autres vid\u00e9os du four Alfred sur notre chaine YouTube :<\/p>\n<p><a href=\"https:\/\/www.youtube.com\/watch?v=mKaDDugjdb8\" target=\"_blank\" rel=\"noopener\">Pr\u00e9sentation d&rsquo;ALFRED<\/a><\/p>\n<p><a href=\"https:\/\/www.youtube.com\/watch?v=ywqhRRZpbLM\" target=\"_blank\" rel=\"noopener\">ALFRED le chef c&rsquo;est lui\u00a0<\/a><\/p>\n","protected":false},"excerpt":{"rendered":"<p><strong>Four \u00e0 bois avec tr\u00e9pied et chemin\u00e9e pr\u00eate \u00e0 monter.<\/strong><br \/>\nAvec ses 3 pieds en bois poli et sa chemin\u00e9e surmont\u00e9e d\u2019un joli chapeau, il a fi\u00e8re allure notre Fred !<br \/>\nFacile \u00e0 monter et \u00e0 utiliser, il peut s\u2019installer sur une terrasse ou au jardin gr\u00e2ce \u00e0 des v\u00e9rins r\u00e9glables qui vous garantissent un appui isostatique parfait.<\/p>\n","protected":false},"featured_media":5438,"comment_status":"open","ping_status":"closed","template":"","meta":{"_acf_changed":false},"product_brand":[],"product_cat":[407],"product_tag":[713],"class_list":{"0":"post-3036","1":"product","2":"type-product","3":"status-publish","4":"has-post-thumbnail","6":"product_cat-fours-a-bois-design","7":"product_tag-four","9":"first","10":"onbackorder","11":"taxable","12":"shipping-taxable","13":"product-type-simple"},"acf":[],"_links":{"self":[{"href":"https:\/\/www.fourgrandmere.com\/fr\/wp-json\/wp\/v2\/product\/3036","targetHints":{"allow":["GET"]}}],"collection":[{"href":"https:\/\/www.fourgrandmere.com\/fr\/wp-json\/wp\/v2\/product"}],"about":[{"href":"https:\/\/www.fourgrandmere.com\/fr\/wp-json\/wp\/v2\/types\/product"}],"replies":[{"embeddable":true,"href":"https:\/\/www.fourgrandmere.com\/fr\/wp-json\/wp\/v2\/comments?post=3036"}],"wp:featuredmedia":[{"embeddable":true,"href":"https:\/\/www.fourgrandmere.com\/fr\/wp-json\/wp\/v2\/media\/5438"}],"wp:attachment":[{"href":"https:\/\/www.fourgrandmere.com\/fr\/wp-json\/wp\/v2\/media?parent=3036"}],"wp:term":[{"taxonomy":"product_brand","embeddable":true,"href":"https:\/\/www.fourgrandmere.com\/fr\/wp-json\/wp\/v2\/product_brand?post=3036"},{"taxonomy":"product_cat","embeddable":true,"href":"https:\/\/www.fourgrandmere.com\/fr\/wp-json\/wp\/v2\/product_cat?post=3036"},{"taxonomy":"product_tag","embeddable":true,"href":"https:\/\/www.fourgrandmere.com\/fr\/wp-json\/wp\/v2\/product_tag?post=3036"}],"curies":[{"name":"wp","href":"https:\/\/api.w.org\/{rel}","templated":true}]}}