{"id":3048,"date":"2018-02-08T11:45:24","date_gmt":"2018-02-08T11:45:24","guid":{"rendered":"https:\/\/www.fourgrandmere.com\/?post_type=product&#038;p=3048"},"modified":"2026-01-27T13:26:04","modified_gmt":"2026-01-27T12:26:04","slug":"four-a-bois-alf","status":"publish","type":"product","link":"https:\/\/www.fourgrandmere.com\/fr\/produit\/four-a-bois-alf\/","title":{"rendered":"Four \u00e0 bois design Alf"},"content":{"rendered":"<h4>Un concentr\u00e9 de technologies au design original.<\/h4>\n<p>Alf est l&rsquo;un des derniers-n\u00e9s des Fours Grand-M\u00e8re. Il allie tradition et innovation pour vous faire d\u00e9couvrir le plaisir de la cuisson au feu de bois en toute s\u00e9curit\u00e9.<br \/>\nSi sa forme \u00e9voque celle d&rsquo;uWhatTheFontn barbecue design, Alf permet de r\u00e9aliser tout type de cuisson au feu de bois, \u00e0 foyer ouvert comme \u00e0 foyer ferm\u00e9\u00a0:<\/p>\n<ul>\n<li>pain<\/li>\n<li>pizzas et tartes flamb\u00e9es<\/li>\n<li>cuissons \u00e0 la plancha sur la sole et viandes grill\u00e9es<\/li>\n<li>gratins et plats mijot\u00e9s<\/li>\n<li>p\u00e2tisseries\u2026<\/li>\n<\/ul>\n<p>Pour faciliter votre d\u00e9couverte de la cuisson au feu de bois, Grand-M\u00e8re a condens\u00e9 sous la coque \u00e9pur\u00e9e et tr\u00e8s moderne d&rsquo;Alf le meilleur de son savoir-faire.<\/p>\n<p>Gr\u00e2ce \u00e0 sa porte en fonte vitr\u00e9e, profitez tout le temps du spectacle des flammes. De plus, cette porte en fonte vitr\u00e9e ne n\u00e9cessite quasiment pas d&rsquo;entretien. En effet, une utilisation astucieuse de l&rsquo;effet Venturi en limite l&rsquo;encrassement.<\/p>\n<p>Alf b\u00e9n\u00e9ficie \u00e9galement d&rsquo;une isolation renforc\u00e9e, en laine min\u00e9rale et en vermiculite. Cette double isolation vous garantit un rayonnement ultra-puissant \u00e0 l&rsquo;int\u00e9rieur, sans risque de br\u00fblure \u00e0 l&rsquo;ext\u00e9rieur. Ainsi, vous consommez tr\u00e8s peu de bois. La vo\u00fbte et la sole en chamotte r\u00e9fractaire chauffent en 30 \u00e0 45\u00a0min seulement. Tout juste le temps d&rsquo;un ap\u00e9ritif\u00a0!<\/p>\n<p>N&rsquo;attendez plus pour faire profiter ceux que vous aimez de vos talents de cuisinier\u00a0!<\/p>\n<h4>Un four \u00e0 bois \u00e0 poser ou \u00e0 int\u00e9grer, en int\u00e9rieur comme en ext\u00e9rieur !<\/h4>\n<p>Avec son allure sobre et ultra-contemporaine, Alf se pose ou s&rsquo;int\u00e8gre tr\u00e8s facilement sur n&rsquo;importe quel plan de travail, dans une v\u00e9randa, une cuisine d&rsquo;\u00e9t\u00e9\u2026<br \/>\nSi vous n&rsquo;avez pas de support, nous pouvons vous proposer un\u00a0<a href=\"https:\/\/fourgrandmere.com\/fr\/equipements-de-pose\/83-support-en-beton-arme.html\">support b\u00e9ton<\/a> qui convient \u00e0 Alf.<\/p>\n<p>Vous pouvez installer Alf sans risque \u00e0 l&rsquo;ext\u00e9rieur. Fabriqu\u00e9 en France, dans les Vosges, avec des mat\u00e9riaux de tr\u00e8s grande qualit\u00e9, c&rsquo;est un four \u00e0 bois robuste qui ne craint ni la pluie ni le gel.<\/p>\n<p>Tout compte fait, un mod\u00e8le avec pi\u00e9tement vous semble plus adapt\u00e9\u00a0? Dans la famille des fours design, Grand-M\u00e8re vous propose deux autres mod\u00e8les sur un tr\u00e9pied en sapin massif, <a href=\"https:\/\/www.fourgrandmere.com\/fr\/231-fred.html\">Fred<\/a> et <a href=\"https:\/\/www.fourgrandmere.com\/fr\/233-alfred.html\">Alfred<\/a>.<\/p>\n<h4>Garantie et service client.<\/h4>\n<p>La vo\u00fbte et la sole d&rsquo;Alf sont garanties 10\u00a0ans pour un usage domestique normal dans toute l&rsquo;Union europ\u00e9enne, en Grande-Bretagne, en Norv\u00e8ge et en Suisse. Pour toute question ou conseil d&rsquo;utilisation,\u00a0<a href=\"https:\/\/www.fourgrandmere.com\/fr\/nous-contacter\">contactez-nous\u00a0<\/a>ou l&rsquo;un de nos\u00a0<a href=\"https:\/\/www.fourgrandmere.com\/fr\/magasins\">revendeurs agr\u00e9\u00e9s<\/a>.<\/p>\n<p>&nbsp;<\/p>\n<p>D\u00e9couvrez <a href=\"https:\/\/www.fourgrandmere.com\/fr\/content\/28-recettes-avec-alfred\">nos recettes avec Alfred<\/a>!<\/p>\n<p>D\u00e9couvrez d&rsquo;autres vid\u00e9os du four Alfred sur notre chaine YouTube :<\/p>\n<p><iframe style=\"margin-left: auto; margin-right: auto;\" title=\"YouTube video player\" src=\"https:\/\/www.youtube.com\/embed\/mKaDDugjdb8\" width=\"560\" height=\"315\" frameborder=\"0\"><\/iframe><\/p>\n<p><a href=\"https:\/\/www.youtube.com\/watch?v=ywqhRRZpbLM\" target=\"_blank\" rel=\"noopener\">ALFRED le chef c&rsquo;est lui\u00a0<\/a><\/p>\n<p><a href=\"https:\/\/www.youtube.com\/watch?v=OE9wm3ShCwY\" target=\"_blank\" rel=\"noopener\">ALFRED fait ses brochettes<\/a><\/p>\n","protected":false},"excerpt":{"rendered":"<p><strong>Le mod\u00e8le le plus \u00e9pur\u00e9 de la gamme !<\/strong><br \/>\nAlf concentre sous sa coque en forme de d\u00f4me le meilleur de notre savoir-faire pour vous offrir un rayonnement puissant et une belle inertie.<br \/>\nCon\u00e7u pour \u00eatre pos\u00e9 librement dans une cuisine, une v\u00e9randa ou pr\u00e8s de la piscine, ce four dissimule \u00e0 sa base un socle m\u00e9tallique en acier thermolaqu\u00e9 noir avec un syst\u00e8me d\u2019\u00e9tanch\u00e9it\u00e9 int\u00e9gr\u00e9.<\/p>\n","protected":false},"featured_media":11181,"comment_status":"open","ping_status":"closed","template":"","meta":{"_acf_changed":false},"product_brand":[],"product_cat":[407],"product_tag":[713],"class_list":{"0":"post-3048","1":"product","2":"type-product","3":"status-publish","4":"has-post-thumbnail","6":"product_cat-fours-a-bois-design","7":"product_tag-four","9":"first","10":"onbackorder","11":"taxable","12":"shipping-taxable","13":"purchasable","14":"product-type-simple"},"acf":[],"_links":{"self":[{"href":"https:\/\/www.fourgrandmere.com\/fr\/wp-json\/wp\/v2\/product\/3048","targetHints":{"allow":["GET"]}}],"collection":[{"href":"https:\/\/www.fourgrandmere.com\/fr\/wp-json\/wp\/v2\/product"}],"about":[{"href":"https:\/\/www.fourgrandmere.com\/fr\/wp-json\/wp\/v2\/types\/product"}],"replies":[{"embeddable":true,"href":"https:\/\/www.fourgrandmere.com\/fr\/wp-json\/wp\/v2\/comments?post=3048"}],"wp:featuredmedia":[{"embeddable":true,"href":"https:\/\/www.fourgrandmere.com\/fr\/wp-json\/wp\/v2\/media\/11181"}],"wp:attachment":[{"href":"https:\/\/www.fourgrandmere.com\/fr\/wp-json\/wp\/v2\/media?parent=3048"}],"wp:term":[{"taxonomy":"product_brand","embeddable":true,"href":"https:\/\/www.fourgrandmere.com\/fr\/wp-json\/wp\/v2\/product_brand?post=3048"},{"taxonomy":"product_cat","embeddable":true,"href":"https:\/\/www.fourgrandmere.com\/fr\/wp-json\/wp\/v2\/product_cat?post=3048"},{"taxonomy":"product_tag","embeddable":true,"href":"https:\/\/www.fourgrandmere.com\/fr\/wp-json\/wp\/v2\/product_tag?post=3048"}],"curies":[{"name":"wp","href":"https:\/\/api.w.org\/{rel}","templated":true}]}}