{"id":3063,"date":"2018-02-13T09:56:36","date_gmt":"2018-02-13T09:56:36","guid":{"rendered":"https:\/\/www.fourgrandmere.com\/?post_type=product&#038;p=3063"},"modified":"2026-01-15T18:18:33","modified_gmt":"2026-01-15T17:18:33","slug":"four-a-bois-alfred","status":"publish","type":"product","link":"https:\/\/www.fourgrandmere.com\/fr\/produit\/four-a-bois-alfred\/","title":{"rendered":"Four \u00e0 bois design Alfred"},"content":{"rendered":"<h4>En toute saison, profitez des bonheurs simples d&rsquo;une cuisson au feu de bois !<\/h4>\n<p>Le four \u00e0 bois Alfred, c&rsquo;est LA recette pour passer de bons moments en famille ou entre amis, tout au long de l&rsquo;ann\u00e9e.<\/p>\n<p>Apr\u00e8s un temps de pr\u00e9chauffage de 30 \u00e0 45\u00a0min, comme pour un barbecue, pr\u00e9parez avec Alfred des plats d\u00e9licieux, tout en profitant du spectacle des flammes. La diff\u00e9rence avec ce four \u00e0 bois, c&rsquo;est que vous pouvez y r\u00e9aliser bien plus de recettes qu&rsquo;avec un simple barbecue\u00a0!<\/p>\n<p>Laissez la porte du four ouverte, et vous y pr\u00e9parez pizzas et tartes flamb\u00e9es en 2 \u00e0 3\u00a0min. Vous pr\u00e9f\u00e9rez les viandes saisies \u00e0 vif\u00a0? 4 \u00e0 6\u00a0minutes suffisent pour griller brochettes, steaks ou andouillettes.<\/p>\n<p>Alfred r\u00e9gale aussi les amateurs de plats mijot\u00e9s. En laissant la porte isolante ferm\u00e9e, vous y cuisinez un gratin ou des lasagnes en 30 \u00e0 90\u00a0min, en l&rsquo;absence de braises ou de flammes. Vous pouvez \u00e9galement confire un gigot en 3 \u00e0 6\u00a0h, faire du pain, et m\u00eame fumer de la viande ou du poisson. Faites-vous plaisir\u00a0!<\/p>\n<p>Une fois les flammes \u00e9teintes, Alfred reste encore chaud pendant de tr\u00e8s longues heures.<\/p>\n<h4>Un four \u00e0 la pointe du design, que vous serez fier d&rsquo;installer sur la terrasse ou au jardin !<\/h4>\n<p>Alfred est une cr\u00e9ation 100\u00a0% fran\u00e7aise, imagin\u00e9e, dessin\u00e9e et fabriqu\u00e9e dans les Vosges.<\/p>\n<p>Elle a \u00e9t\u00e9 doublement r\u00e9compens\u00e9e par des prix de design:<\/p>\n<ul style=\"list-style-type: disc;\">\n<li>au niveau national par l&rsquo;ACPI en \u00e9tant parmi la centaine de finalistes de l&rsquo;<strong>Observeur du Design (Label 2019)<\/strong><\/li>\n<li>et au niveau international par l&rsquo;A&rsquo; Design Award &amp; Competition (<strong>Silver A&rsquo; Design Award en 2019<\/strong>).<\/li>\n<\/ul>\n<p>Ses lignes \u00e9pur\u00e9es et tr\u00e8s contemporaines cachent un authentique four \u00e0 bois, con\u00e7u pour durer quelques d\u00e9cennies\u2026 au moins.<\/p>\n<p>Lors de la livraison, un apr\u00e8s-midi en compagnie de deux amis suffit pour installer le four, sans ma\u00e7onnerie ni assemblage complexe. Une fois mont\u00e9, Alfred peut rester en ext\u00e9rieur \u00e9t\u00e9 comme hiver. Fort comme le sapin, ce four ne craint ni le gel ni les intemp\u00e9ries.<\/p>\n<h4>Comme tous les grands chefs, Alfred soigne les d\u00e9tails\u00a0!<\/h4>\n<p>Alfred est le four le plus complet de notre gamme de fours pr\u00eats-\u00e0-monter, comprenant \u00e9galement les mod\u00e8les <a href=\"https:\/\/www.fourgrandmere.com\/fr\/232-alf.html\" target=\"_blank\" rel=\"noreferrer noopener\">Alf<\/a> et <a href=\"https:\/\/www.fourgrandmere.com\/fr\/231-fred.html\" target=\"_blank\" rel=\"noreferrer noopener\">Fred<\/a>.<\/p>\n<p>Son espace de rangement isol\u00e9 plac\u00e9 directement sous la sole est parfait pour stocker du bois sec, ou conserver \u00e0 port\u00e9e de main les accessoires assortis \u00e0 votre four (thermom\u00e8tre laser, plateau de service amovible\u2026).<\/p>\n<p>Sur le dessus, le conduit de chemin\u00e9e \u00e0 double peau \u00e9vite de se br\u00fbler en cas de contact accidentel. Ce conduit est surmont\u00e9 d&rsquo;un chapeau d&rsquo;extraction des fum\u00e9es amovible et orientable.<\/p>\n<p>Enfin, pour r\u00e9ussir tout de suite les meilleures recettes, le four Alfred comprend de s\u00e9rie un pack d&rsquo;accessoires. Ce pack se compose d&rsquo;un thermom\u00e8tre laser haute temp\u00e9rature, pour une cuisson d&#8217;embl\u00e9e parfaite, et d&rsquo;une planche \u00e0 d\u00e9couper amovible. Lorsqu&rsquo;une fourn\u00e9e est pr\u00eate, vous fixez la planche \u00e0 l&rsquo;horizontale sur le bandeau frontal. En retirant le plat du four, vous le d\u00e9posez sur la planche, en toute s\u00e9curit\u00e9. Il suffit ensuite de d\u00e9crocher la planche en bois, qui se transforme en plateau de service \u00e0 pr\u00e9senter directement sur la table. Et le tour est jou\u00e9\u00a0!<\/p>\n<h4>Garantie et service client.<\/h4>\n<p>La vo\u00fbte et la sole d&rsquo;Alfred sont <strong>garanties 10\u00a0ans<\/strong> pour un usage domestique normal dans toute l&rsquo;Union europ\u00e9enne, en Grande-Bretagne, en Norv\u00e8ge et en Suisse. Pour toute question ou conseil d&rsquo;utilisation,\u00a0<a href=\"https:\/\/www.fourgrandmere.com\/fr\/nous-contacter\">contactez-nous<\/a>\u00a0ou l&rsquo;un de nos\u00a0<a href=\"https:\/\/www.fourgrandmere.com\/fr\/magasins\">revendeurs agr\u00e9\u00e9s<\/a>.<\/p>\n<p><strong>D\u00e9couvrez nos recettes avec Alfred !<\/strong><\/p>\n<p><iframe style=\"margin-left: auto; margin-right: auto;\" src=\"https:\/\/www.youtube.com\/embed\/ywqhRRZpbLM?rel=0\" width=\"560\" height=\"315\" frameborder=\"0\"><\/iframe><\/p>\n<p>D\u00e9couvrez d&rsquo;autres vid\u00e9os du four Alfred sur notre chaine YouTube :<\/p>\n<p><a href=\"https:\/\/www.youtube.com\/watch?v=mKaDDugjdb8\" target=\"_blank\" rel=\"noopener\">Pr\u00e9sentation d&rsquo;ALFRED<\/a><\/p>\n<p><a href=\"https:\/\/www.youtube.com\/watch?v=OE9wm3ShCwY\" target=\"_blank\" rel=\"noopener\">ALFRED fait ses brochettes<\/a><\/p>\n","protected":false},"excerpt":{"rendered":"<p><strong>Le mod\u00e8le phare de notre gamme design ! <\/strong><br \/>\nEn plus du tr\u00e9pied en bois massif et du conduit d\u2019\u00e9vacuation des fum\u00e9es, Alfred int\u00e8gre \u00e9galement une ing\u00e9nieuse coque de rangement.<br \/>\nSur la tablette int\u00e9rieure en acier, vous pouvez stocker des b\u00fbches de bois sec, la planche \u00e0 d\u00e9couper, une grille pour la viande\u2026<\/p>\n","protected":false},"featured_media":5435,"comment_status":"open","ping_status":"closed","template":"","meta":{"_acf_changed":false},"product_brand":[],"product_cat":[407,305],"product_tag":[713],"class_list":{"0":"post-3063","1":"product","2":"type-product","3":"status-publish","4":"has-post-thumbnail","6":"product_cat-fours-a-bois-design","7":"product_cat-particuliers","8":"product_tag-four","10":"first","11":"outofstock","12":"taxable","13":"shipping-taxable","14":"product-type-simple"},"acf":[],"_links":{"self":[{"href":"https:\/\/www.fourgrandmere.com\/fr\/wp-json\/wp\/v2\/product\/3063","targetHints":{"allow":["GET"]}}],"collection":[{"href":"https:\/\/www.fourgrandmere.com\/fr\/wp-json\/wp\/v2\/product"}],"about":[{"href":"https:\/\/www.fourgrandmere.com\/fr\/wp-json\/wp\/v2\/types\/product"}],"replies":[{"embeddable":true,"href":"https:\/\/www.fourgrandmere.com\/fr\/wp-json\/wp\/v2\/comments?post=3063"}],"wp:featuredmedia":[{"embeddable":true,"href":"https:\/\/www.fourgrandmere.com\/fr\/wp-json\/wp\/v2\/media\/5435"}],"wp:attachment":[{"href":"https:\/\/www.fourgrandmere.com\/fr\/wp-json\/wp\/v2\/media?parent=3063"}],"wp:term":[{"taxonomy":"product_brand","embeddable":true,"href":"https:\/\/www.fourgrandmere.com\/fr\/wp-json\/wp\/v2\/product_brand?post=3063"},{"taxonomy":"product_cat","embeddable":true,"href":"https:\/\/www.fourgrandmere.com\/fr\/wp-json\/wp\/v2\/product_cat?post=3063"},{"taxonomy":"product_tag","embeddable":true,"href":"https:\/\/www.fourgrandmere.com\/fr\/wp-json\/wp\/v2\/product_tag?post=3063"}],"curies":[{"name":"wp","href":"https:\/\/api.w.org\/{rel}","templated":true}]}}