{"id":3117,"date":"2018-09-13T11:45:09","date_gmt":"2018-09-13T11:45:09","guid":{"rendered":"https:\/\/www.fourgrandmere.com\/?post_type=product&#038;p=3117"},"modified":"2025-10-28T11:54:48","modified_gmt":"2025-10-28T10:54:48","slug":"planche-a-decouper-plateau","status":"publish","type":"product","link":"https:\/\/www.fourgrandmere.com\/fr\/produit\/planche-a-decouper-plateau\/","title":{"rendered":"Planche \u00e0 d\u00e9couper en h\u00eatre massif"},"content":{"rendered":"<p>Robuste et durable, cette planche \u00e0 d\u00e9couper est fabriqu\u00e9e en France, dans les Vosges.<\/p>\n<p>La rigole et la poche \u00e0 jus vous permettent de r\u00e9cup\u00e9rer tous les sucs qui s\u2019\u00e9coulent de la viande ou des l\u00e9gumes sans en perdre une goutte.<\/p>\n<p>Con\u00e7ue sur mesure pour se fixer sur nos <span style=\"color: #ea814c;\"><a style=\"color: #ea814c;\" href=\"https:\/\/www.fourgrandmere.com\/fr\/categorie-produit\/particuliers\/fours-a-bois-design\/\">fours design Alf, Fred et Alfred<\/a><\/span>, cette planche \u00e0 d\u00e9couper s\u2019adapte aussi sur les fours de la gamme tradition s\u2019ils sont \u00e9quip\u00e9s d&rsquo;une <span style=\"color: #ea814c;\"><a style=\"color: #ea814c;\" href=\"https:\/\/www.fourgrandmere.com\/fr\/produit\/barre-frontale\/\">barre frontale<\/a><\/span>.<\/p>\n<p>Il suffit alors d\u2019accrocher la planche \u00e0 d\u00e9couper sur le rebord du four \u00e0 bois pour enfourner ou d\u00e9fourner facilement tous vos plats et les transporter vers la table.<\/p>\n<p>&nbsp;<\/p>\n<p>La planche \u00e0 d\u00e9couper en h\u00eatre massif est fournie pour tout achat d\u2019un four <span style=\"color: #ea814c;\"><a style=\"color: #ea814c;\" href=\"https:\/\/www.fourgrandmere.com\/fr\/produit\/four-a-bois-alfred\/\">Alfred<\/a><\/span>.<\/p>\n","protected":false},"excerpt":{"rendered":"<p>Planche \u00e0 d\u00e9couper robuste et durable fabriqu\u00e9e en France. Avec rigole et poche \u00e0 jus pour r\u00e9cup\u00e9rer tous les sucs qui s\u2019\u00e9coulent des aliments.<\/p>\n","protected":false},"featured_media":3785,"comment_status":"open","ping_status":"closed","template":"","meta":{"_acf_changed":false},"product_brand":[],"product_cat":[963,401,410],"product_tag":[676],"class_list":{"0":"post-3117","1":"product","2":"type-product","3":"status-publish","4":"has-post-thumbnail","6":"product_cat-accessoires-design","7":"product_cat-articles-de-cuisine","8":"product_cat-accessoires","9":"product_tag-alfred","10":"product_shipping_class-emballage","12":"first","13":"instock","14":"taxable","15":"shipping-taxable","16":"purchasable","17":"product-type-simple"},"acf":[],"_links":{"self":[{"href":"https:\/\/www.fourgrandmere.com\/fr\/wp-json\/wp\/v2\/product\/3117","targetHints":{"allow":["GET"]}}],"collection":[{"href":"https:\/\/www.fourgrandmere.com\/fr\/wp-json\/wp\/v2\/product"}],"about":[{"href":"https:\/\/www.fourgrandmere.com\/fr\/wp-json\/wp\/v2\/types\/product"}],"replies":[{"embeddable":true,"href":"https:\/\/www.fourgrandmere.com\/fr\/wp-json\/wp\/v2\/comments?post=3117"}],"wp:featuredmedia":[{"embeddable":true,"href":"https:\/\/www.fourgrandmere.com\/fr\/wp-json\/wp\/v2\/media\/3785"}],"wp:attachment":[{"href":"https:\/\/www.fourgrandmere.com\/fr\/wp-json\/wp\/v2\/media?parent=3117"}],"wp:term":[{"taxonomy":"product_brand","embeddable":true,"href":"https:\/\/www.fourgrandmere.com\/fr\/wp-json\/wp\/v2\/product_brand?post=3117"},{"taxonomy":"product_cat","embeddable":true,"href":"https:\/\/www.fourgrandmere.com\/fr\/wp-json\/wp\/v2\/product_cat?post=3117"},{"taxonomy":"product_tag","embeddable":true,"href":"https:\/\/www.fourgrandmere.com\/fr\/wp-json\/wp\/v2\/product_tag?post=3117"}],"curies":[{"name":"wp","href":"https:\/\/api.w.org\/{rel}","templated":true}]}}