{"id":3126,"date":"2018-09-13T12:58:20","date_gmt":"2018-09-13T12:58:20","guid":{"rendered":"https:\/\/www.fourgrandmere.com\/?post_type=product&#038;p=3126"},"modified":"2025-11-06T10:16:03","modified_gmt":"2025-11-06T09:16:03","slug":"pare-braises","status":"publish","type":"product","link":"https:\/\/www.fourgrandmere.com\/fr\/produit\/pare-braises\/","title":{"rendered":"Pare-braises en inox pour four \u00e0 bois"},"content":{"rendered":"<p>Le pare-braises est un accessoire imagin\u00e9 par Four Grand-M\u00e8re pour optimiser la surface de la sole et la garder propre plus longtemps. Fini la b\u00fbche qui bouge et vient rouler sur vos pizzas ou flammenk\u00fcches\u00a0!<\/p>\n<p>En posant les b\u00fbches sur ce support d\u00e8s le d\u00e9but de la fourn\u00e9e, elles sont bien maintenues en place, et vous lib\u00e9rez de la surface de cuisson pour cuire davantage d\u2019aliments en m\u00eame temps \u00e0 m\u00eame la sole.<\/p>\n<p>Gr\u00e2ce au pare-braises, vous am\u00e9liorez aussi la combustion du bois, puisque l\u2019oxyg\u00e8ne peut circuler plus facilement tout autour et entre les b\u00fbches ainsi sur\u00e9lev\u00e9es.<\/p>\n<p>Enti\u00e8rement en inox, le pare-braises est tr\u00e8s facile d\u2019entretien.<\/p>\n<p>Ce support au design \u00e9pur\u00e9 est personnalis\u00e9 sur la face avant avec l\u2019inscription <em>Four Grand-M\u00e8re <\/em>d\u00e9coup\u00e9e au laser.<\/p>\n<p>Il est fabriqu\u00e9 en France, dans les Vosges, et compatible avec tous nos fours.<\/p>\n","protected":false},"excerpt":{"rendered":"<p>Cet accessoire en inox permet d&rsquo;optimiser la surface de la sole et de la garder propre plus longtemps. Fini la b\u00fbche qui vient rouler sur vos pizzas !<\/p>\n","protected":false},"featured_media":3689,"comment_status":"open","ping_status":"closed","template":"","meta":{"_acf_changed":false},"product_brand":[],"product_cat":[410,302],"product_tag":[],"class_list":{"0":"post-3126","1":"product","2":"type-product","3":"status-publish","4":"has-post-thumbnail","6":"product_cat-accessoires","7":"product_cat-accessoires-de-cuisson","8":"product_shipping_class-emballage","10":"first","11":"instock","12":"taxable","13":"shipping-taxable","14":"purchasable","15":"product-type-simple"},"acf":[],"_links":{"self":[{"href":"https:\/\/www.fourgrandmere.com\/fr\/wp-json\/wp\/v2\/product\/3126","targetHints":{"allow":["GET"]}}],"collection":[{"href":"https:\/\/www.fourgrandmere.com\/fr\/wp-json\/wp\/v2\/product"}],"about":[{"href":"https:\/\/www.fourgrandmere.com\/fr\/wp-json\/wp\/v2\/types\/product"}],"replies":[{"embeddable":true,"href":"https:\/\/www.fourgrandmere.com\/fr\/wp-json\/wp\/v2\/comments?post=3126"}],"wp:featuredmedia":[{"embeddable":true,"href":"https:\/\/www.fourgrandmere.com\/fr\/wp-json\/wp\/v2\/media\/3689"}],"wp:attachment":[{"href":"https:\/\/www.fourgrandmere.com\/fr\/wp-json\/wp\/v2\/media?parent=3126"}],"wp:term":[{"taxonomy":"product_brand","embeddable":true,"href":"https:\/\/www.fourgrandmere.com\/fr\/wp-json\/wp\/v2\/product_brand?post=3126"},{"taxonomy":"product_cat","embeddable":true,"href":"https:\/\/www.fourgrandmere.com\/fr\/wp-json\/wp\/v2\/product_cat?post=3126"},{"taxonomy":"product_tag","embeddable":true,"href":"https:\/\/www.fourgrandmere.com\/fr\/wp-json\/wp\/v2\/product_tag?post=3126"}],"curies":[{"name":"wp","href":"https:\/\/api.w.org\/{rel}","templated":true}]}}