{"id":3177,"date":"2019-12-12T15:44:04","date_gmt":"2019-12-12T15:44:04","guid":{"rendered":"https:\/\/www.fourgrandmere.com\/?post_type=product&#038;p=3177"},"modified":"2025-04-28T13:59:10","modified_gmt":"2025-04-28T11:59:10","slug":"cendrier-en-facade-gamme-alfred","status":"publish","type":"product","link":"https:\/\/www.fourgrandmere.com\/fr\/produit\/cendrier-en-facade-gamme-alfred\/","title":{"rendered":"Cendrier en fa\u00e7ade &#8211; Gamme Design"},"content":{"rendered":"<p>Optimisez la gestion des braises et cendres de votre four \u00e0 bois avec ce cendrier amovible, con\u00e7u pour se fixer facilement sur la barre frontale.<\/p>\n<p>Cet accessoire Design est dot\u00e9 d&rsquo;un couvercle qui \u00e9touffe les braises, offrant ainsi une solution s\u00fbre et efficace pour maintenir votre espace de cuisson propre.<\/p>\n<p>Adapt\u00e9 aux fours de la gamme Design, y compris<span style=\"color: #ea814c;\"> <a style=\"color: #ea814c;\" href=\"https:\/\/www.fourgrandmere.com\/fr\/fours-a-bois-design\/232-alf.html\">Alf<\/a><\/span>,<span style=\"color: #ea814c;\"> <a style=\"color: #ea814c;\" href=\"https:\/\/www.fourgrandmere.com\/fr\/fours-a-bois-design\/231-fred.html\">Fred<\/a><\/span> et <span style=\"color: #ea814c;\"><a style=\"color: #ea814c;\" href=\"https:\/\/www.fourgrandmere.com\/fr\/fours-a-bois-design\/233-alfred.html\">Alfred<\/a><\/span>, ce cendrier est \u00e9galement compatible avec tout four \u00e0 bois \u00e9quip\u00e9 d&rsquo;une <span style=\"color: #ea814c;\"><a style=\"color: #ea814c;\" href=\"https:\/\/www.fourgrandmere.com\/fr\/equipements-de-pose\/264-barre-frontale-.html\">barre frontale<\/a><\/span>.<\/p>\n<p>Fabriqu\u00e9 en France, il incarne notre engagement envers la qualit\u00e9 et l&rsquo;artisanat, vous garantissant un produit durable et fonctionnel.<\/p>\n","protected":false},"excerpt":{"rendered":"<p>Ce cendrier amovible se fixe sur la barre frontale de votre four \u00e0 bois, recueillant les braises et cendres.<\/p>\n","protected":false},"featured_media":3458,"comment_status":"open","ping_status":"closed","template":"","meta":{"_acf_changed":false},"product_brand":[],"product_cat":[410,963,398],"product_tag":[676],"class_list":{"0":"post-3177","1":"product","2":"type-product","3":"status-publish","4":"has-post-thumbnail","6":"product_cat-accessoires","7":"product_cat-accessoires-design","8":"product_cat-equipements-de-pose","9":"product_tag-alfred","10":"product_shipping_class-emballage","11":"pa_hauteur-0-17-m","12":"pa_longueur-0-49-m","13":"pa_profondeur-0-34-m","15":"first","16":"instock","17":"taxable","18":"shipping-taxable","19":"purchasable","20":"product-type-simple"},"acf":[],"_links":{"self":[{"href":"https:\/\/www.fourgrandmere.com\/fr\/wp-json\/wp\/v2\/product\/3177","targetHints":{"allow":["GET"]}}],"collection":[{"href":"https:\/\/www.fourgrandmere.com\/fr\/wp-json\/wp\/v2\/product"}],"about":[{"href":"https:\/\/www.fourgrandmere.com\/fr\/wp-json\/wp\/v2\/types\/product"}],"replies":[{"embeddable":true,"href":"https:\/\/www.fourgrandmere.com\/fr\/wp-json\/wp\/v2\/comments?post=3177"}],"wp:featuredmedia":[{"embeddable":true,"href":"https:\/\/www.fourgrandmere.com\/fr\/wp-json\/wp\/v2\/media\/3458"}],"wp:attachment":[{"href":"https:\/\/www.fourgrandmere.com\/fr\/wp-json\/wp\/v2\/media?parent=3177"}],"wp:term":[{"taxonomy":"product_brand","embeddable":true,"href":"https:\/\/www.fourgrandmere.com\/fr\/wp-json\/wp\/v2\/product_brand?post=3177"},{"taxonomy":"product_cat","embeddable":true,"href":"https:\/\/www.fourgrandmere.com\/fr\/wp-json\/wp\/v2\/product_cat?post=3177"},{"taxonomy":"product_tag","embeddable":true,"href":"https:\/\/www.fourgrandmere.com\/fr\/wp-json\/wp\/v2\/product_tag?post=3177"}],"curies":[{"name":"wp","href":"https:\/\/api.w.org\/{rel}","templated":true}]}}