{"id":3192,"date":"2024-12-03T11:32:54","date_gmt":"2024-12-03T10:32:54","guid":{"rendered":"https:\/\/www.fourgrandmere.com\/?post_type=product&#038;p=3192"},"modified":"2025-10-21T13:25:56","modified_gmt":"2025-10-21T11:25:56","slug":"pack-cle-en-main","status":"publish","type":"product","link":"https:\/\/www.fourgrandmere.com\/fr\/produit\/pack-cle-en-main\/","title":{"rendered":"Pack Cl\u00e9 en Main"},"content":{"rendered":"<p>Le Pack Cl\u00e9 en Main de Four Grand-M\u00e8re comprend :<\/p>\n<ul>\n<li><a href=\"https:\/\/www.fourgrandmere.com\/fr\/produit\/support-en-beton-arme\/\">Le support b\u00e9ton<\/a>\u00a0(assemblage rapide)<\/li>\n<li><a href=\"https:\/\/www.fourgrandmere.com\/fr\/produit\/hotte-d-habillage-pour-four\/\">La hotte d&rsquo;habillage<\/a><\/li>\n<li>Le conduit isol\u00e9<\/li>\n<li>Le chapeau de hotte<\/li>\n<\/ul>\n<p>Il constitue un ensemble complet pour int\u00e9grer un four \u00e0 bois dans votre jardin. Il supporte les intemp\u00e9ries et peut \u00eatre peint pour mieux correspondre \u00e0 vos attentes.<\/p>\n<p>Fabrication fran\u00e7aise.<\/p>\n<p>Existe pour les mod\u00e8les :<\/p>\n<ul>\n<li>F800 (<a href=\"https:\/\/www.fourgrandmere.com\/fr\/produit\/four-a-bois-le-grand-flamme\/\">Le Grand Flamme<\/a> et <a href=\"https:\/\/www.fourgrandmere.com\/fr\/fours-a-bois-tradition\/14-campagnard.html\">Campagnard<\/a>) &#8211; Poids 330 kg<\/li>\n<\/ul>\n","protected":false},"excerpt":{"rendered":"<p>Pack Cl\u00e9 en Main : support b\u00e9ton, hotte, conduit isol\u00e9 et chapeau. Une solution compl\u00e8te pour int\u00e9grer facilement votre four \u00e0 bois en ext\u00e9rieur.<\/p>\n","protected":false},"featured_media":9745,"comment_status":"open","ping_status":"closed","template":"","meta":{"_acf_changed":false},"product_brand":[],"product_cat":[398,410],"product_tag":[],"class_list":{"0":"post-3192","1":"product","2":"type-product","3":"status-publish","4":"has-post-thumbnail","6":"product_cat-equipements-de-pose","7":"product_cat-accessoires","9":"first","10":"instock","11":"downloadable","12":"purchasable","13":"product-type-simple"},"acf":[],"_links":{"self":[{"href":"https:\/\/www.fourgrandmere.com\/fr\/wp-json\/wp\/v2\/product\/3192","targetHints":{"allow":["GET"]}}],"collection":[{"href":"https:\/\/www.fourgrandmere.com\/fr\/wp-json\/wp\/v2\/product"}],"about":[{"href":"https:\/\/www.fourgrandmere.com\/fr\/wp-json\/wp\/v2\/types\/product"}],"replies":[{"embeddable":true,"href":"https:\/\/www.fourgrandmere.com\/fr\/wp-json\/wp\/v2\/comments?post=3192"}],"wp:featuredmedia":[{"embeddable":true,"href":"https:\/\/www.fourgrandmere.com\/fr\/wp-json\/wp\/v2\/media\/9745"}],"wp:attachment":[{"href":"https:\/\/www.fourgrandmere.com\/fr\/wp-json\/wp\/v2\/media?parent=3192"}],"wp:term":[{"taxonomy":"product_brand","embeddable":true,"href":"https:\/\/www.fourgrandmere.com\/fr\/wp-json\/wp\/v2\/product_brand?post=3192"},{"taxonomy":"product_cat","embeddable":true,"href":"https:\/\/www.fourgrandmere.com\/fr\/wp-json\/wp\/v2\/product_cat?post=3192"},{"taxonomy":"product_tag","embeddable":true,"href":"https:\/\/www.fourgrandmere.com\/fr\/wp-json\/wp\/v2\/product_tag?post=3192"}],"curies":[{"name":"wp","href":"https:\/\/api.w.org\/{rel}","templated":true}]}}