{"id":3210,"date":"2020-09-24T11:45:28","date_gmt":"2020-09-24T11:45:28","guid":{"rendered":"https:\/\/www.fourgrandmere.com\/?post_type=product&#038;p=3210"},"modified":"2025-06-06T09:53:30","modified_gmt":"2025-06-06T07:53:30","slug":"pack-mijote-gamme-alfred","status":"publish","type":"product","link":"https:\/\/www.fourgrandmere.com\/fr\/produit\/pack-mijote-gamme-alfred\/","title":{"rendered":"Pack Mijote"},"content":{"rendered":"<p>Transformez votre four \u00e0 bois en outil de cuisson lente avec le pack Mijote.<\/p>\n<p>Sp\u00e9cialement con\u00e7u pour les mod\u00e8les de la <a href=\"https:\/\/www.fourgrandmere.com\/fr\/categorie-produit\/particuliers\/fours-a-bois-design\/\"><span style=\"color: #ea814c;\">gamme Design<\/span><\/a> ou pour tout four \u00e9quip\u00e9 de la <a href=\"https:\/\/www.fourgrandmere.com\/fr\/produit\/barre-frontale\/\"><span style=\"color: #ea814c;\">barre frontale<\/span>,<\/a> ce pack inclut un cendrier amovible \u00a0qui se fixe \u00e0 la barre frontale et une porte isolante en mat\u00e9riau r\u00e9fractaire.<\/p>\n<p>Ce duo permet d\u2019\u00e9vacuer les braises et cendres du four, puis d&rsquo;obturer compl\u00e8tement la chambre de cuisson pour maintenir une temp\u00e9rature id\u00e9ale et r\u00e9aliser des cuissons longues et ma\u00eetris\u00e9es<\/p>\n<p>Fabriqu\u00e9s en France, les \u00e9quipements du pack Mijote sont parfaits pour cuire du pain, mijoter des plats savoureux, ou pr\u00e9parer des g\u00e2teaux en toute simplicit\u00e9.<\/p>\n","protected":false},"excerpt":{"rendered":"<p>Le pack Mijote est id\u00e9al pour les cuissons lentes dans votre four \u00e0 bois.<\/p>\n","protected":false},"featured_media":3677,"comment_status":"open","ping_status":"closed","template":"","meta":{"_acf_changed":false},"product_brand":[],"product_cat":[410,963,398],"product_tag":[676],"class_list":{"0":"post-3210","1":"product","2":"type-product","3":"status-publish","4":"has-post-thumbnail","6":"product_cat-accessoires","7":"product_cat-accessoires-design","8":"product_cat-equipements-de-pose","9":"product_tag-alfred","10":"product_shipping_class-emballage","11":"pa_longueur-0-49-m","12":"pa_profondeur-0-34-m","14":"first","15":"instock","16":"taxable","17":"shipping-taxable","18":"purchasable","19":"product-type-simple"},"acf":[],"_links":{"self":[{"href":"https:\/\/www.fourgrandmere.com\/fr\/wp-json\/wp\/v2\/product\/3210","targetHints":{"allow":["GET"]}}],"collection":[{"href":"https:\/\/www.fourgrandmere.com\/fr\/wp-json\/wp\/v2\/product"}],"about":[{"href":"https:\/\/www.fourgrandmere.com\/fr\/wp-json\/wp\/v2\/types\/product"}],"replies":[{"embeddable":true,"href":"https:\/\/www.fourgrandmere.com\/fr\/wp-json\/wp\/v2\/comments?post=3210"}],"wp:featuredmedia":[{"embeddable":true,"href":"https:\/\/www.fourgrandmere.com\/fr\/wp-json\/wp\/v2\/media\/3677"}],"wp:attachment":[{"href":"https:\/\/www.fourgrandmere.com\/fr\/wp-json\/wp\/v2\/media?parent=3210"}],"wp:term":[{"taxonomy":"product_brand","embeddable":true,"href":"https:\/\/www.fourgrandmere.com\/fr\/wp-json\/wp\/v2\/product_brand?post=3210"},{"taxonomy":"product_cat","embeddable":true,"href":"https:\/\/www.fourgrandmere.com\/fr\/wp-json\/wp\/v2\/product_cat?post=3210"},{"taxonomy":"product_tag","embeddable":true,"href":"https:\/\/www.fourgrandmere.com\/fr\/wp-json\/wp\/v2\/product_tag?post=3210"}],"curies":[{"name":"wp","href":"https:\/\/api.w.org\/{rel}","templated":true}]}}