{"id":3258,"date":"2020-11-24T11:21:21","date_gmt":"2020-11-24T11:21:21","guid":{"rendered":"https:\/\/www.fourgrandmere.com\/?post_type=product&#038;p=3258"},"modified":"2025-04-11T10:28:44","modified_gmt":"2025-04-11T08:28:44","slug":"housse-alfred","status":"publish","type":"product","link":"https:\/\/www.fourgrandmere.com\/fr\/produit\/housse-alfred\/","title":{"rendered":"Housse de protection Design"},"content":{"rendered":"<p>Prot\u00e9gez durablement votre four \u00e0 bois Design avec la housse de protection Design, con\u00e7ue <span style=\"color: #ea814c;\">pour r\u00e9sister aux intemp\u00e9ries<\/span>.<\/p>\n<p>R\u00e9alis\u00e9e en polyester noir de haute qualit\u00e9 avec le logo s\u00e9rigraphi\u00e9 \u00ab\u00a0Four Grand-M\u00e8re\u00a0\u00bb, cette housse allie style et robustesse.<\/p>\n<p>Compatible avec les mod\u00e8les <span style=\"color: #ea814c;\"><a style=\"color: #ea814c;\" href=\"https:\/\/www.fourgrandmere.com\/fr\/fours-a-bois-design\/231-fred.html\">Fred<\/a><\/span> et <span style=\"color: #ea814c;\"><a style=\"color: #ea814c;\" href=\"https:\/\/www.fourgrandmere.com\/fr\/fours-a-bois-design\/233-alfred.html\">Alfred<\/a><\/span>, elle s&rsquo;installe facilement une fois le conduit retir\u00e9. Le conduit \u00e9tant amovible, son installation est simple et rapide. La housse est fournie avec un couvercle en silicone pour une protection optimale de l\u2019ensemble contre la pluie, le vent et la poussi\u00e8re.<\/p>\n<p>&nbsp;<\/p>\n","protected":false},"excerpt":{"rendered":"<p>La housse de protection Design en polyester noir prot\u00e8ge efficacement votre four \u00e0 bois design des intemp\u00e9ries.<\/p>\n","protected":false},"featured_media":3623,"comment_status":"open","ping_status":"closed","template":"","meta":{"_acf_changed":false},"product_brand":[],"product_cat":[410,963,398],"product_tag":[676],"class_list":{"0":"post-3258","1":"product","2":"type-product","3":"status-publish","4":"has-post-thumbnail","6":"product_cat-accessoires","7":"product_cat-accessoires-design","8":"product_cat-equipements-de-pose","9":"product_tag-alfred","10":"product_shipping_class-emballage","11":"pa_hauteur-0-35-m","12":"pa_longueur-0-40-m","13":"pa_profondeur-0-04-m","15":"first","16":"instock","17":"taxable","18":"shipping-taxable","19":"purchasable","20":"product-type-simple"},"acf":[],"_links":{"self":[{"href":"https:\/\/www.fourgrandmere.com\/fr\/wp-json\/wp\/v2\/product\/3258","targetHints":{"allow":["GET"]}}],"collection":[{"href":"https:\/\/www.fourgrandmere.com\/fr\/wp-json\/wp\/v2\/product"}],"about":[{"href":"https:\/\/www.fourgrandmere.com\/fr\/wp-json\/wp\/v2\/types\/product"}],"replies":[{"embeddable":true,"href":"https:\/\/www.fourgrandmere.com\/fr\/wp-json\/wp\/v2\/comments?post=3258"}],"wp:featuredmedia":[{"embeddable":true,"href":"https:\/\/www.fourgrandmere.com\/fr\/wp-json\/wp\/v2\/media\/3623"}],"wp:attachment":[{"href":"https:\/\/www.fourgrandmere.com\/fr\/wp-json\/wp\/v2\/media?parent=3258"}],"wp:term":[{"taxonomy":"product_brand","embeddable":true,"href":"https:\/\/www.fourgrandmere.com\/fr\/wp-json\/wp\/v2\/product_brand?post=3258"},{"taxonomy":"product_cat","embeddable":true,"href":"https:\/\/www.fourgrandmere.com\/fr\/wp-json\/wp\/v2\/product_cat?post=3258"},{"taxonomy":"product_tag","embeddable":true,"href":"https:\/\/www.fourgrandmere.com\/fr\/wp-json\/wp\/v2\/product_tag?post=3258"}],"curies":[{"name":"wp","href":"https:\/\/api.w.org\/{rel}","templated":true}]}}