{"id":3282,"date":"2022-02-16T08:34:27","date_gmt":"2022-02-16T08:34:27","guid":{"rendered":"https:\/\/www.fourgrandmere.com\/?post_type=product&#038;p=3282"},"modified":"2024-12-02T09:16:28","modified_gmt":"2024-12-02T08:16:28","slug":"barre-frontale","status":"publish","type":"product","link":"https:\/\/www.fourgrandmere.com\/fr\/produit\/barre-frontale\/","title":{"rendered":"Barre frontale"},"content":{"rendered":"<p>La barre frontale est un accessoire essentiel pour am\u00e9nager l\u2019espace sous la porte de votre four \u00e0 bois.<\/p>\n<p>Con\u00e7ue pour accueillir divers \u00e9l\u00e9ments, elle offre <span style=\"color: #ea814c;\">une solution de rangement<\/span> pratique et \u00e9l\u00e9gante.<\/p>\n<p>Elle permet d\u2019y glisser la<span style=\"color: #ea814c;\"> <a style=\"color: #ea814c;\" href=\"https:\/\/www.fourgrandmere.com\/fr\/articles-de-cuisine\/237-planche-a-decouper-plateau.html\">planche \u00e0 d\u00e9couper <\/a><\/span>ou le <span style=\"color: #ea814c;\"><a style=\"color: #ea814c;\" href=\"https:\/\/www.fourgrandmere.com\/fr\/equipements-de-pose\/247-cendrier-en-faccade-du-four.html\">cendrier<\/a><\/span> pour les garder \u00e0 port\u00e9e de main, tout en laissant la possibilit\u00e9 d\u2019accrocher des couverts de barbecue.<\/p>\n<p>Ce support vous aide ainsi \u00e0 organiser votre espace de travail tout en ajoutant une touche de style au design de votre four.<\/p>\n","protected":false},"excerpt":{"rendered":"<p>La barre frontale est un accessoire pratique et esth\u00e9tique permettant de suspendre divers \u00e9l\u00e9ments en dessous de votre four.<\/p>\n","protected":false},"featured_media":3479,"comment_status":"open","ping_status":"closed","template":"","meta":{"_acf_changed":false},"product_brand":[],"product_cat":[398,410],"product_tag":[],"class_list":{"0":"post-3282","1":"product","2":"type-product","3":"status-publish","4":"has-post-thumbnail","6":"product_cat-equipements-de-pose","7":"product_cat-accessoires","8":"product_shipping_class-emballage","10":"first","11":"instock","12":"taxable","13":"shipping-taxable","14":"purchasable","15":"product-type-simple"},"acf":[],"_links":{"self":[{"href":"https:\/\/www.fourgrandmere.com\/fr\/wp-json\/wp\/v2\/product\/3282","targetHints":{"allow":["GET"]}}],"collection":[{"href":"https:\/\/www.fourgrandmere.com\/fr\/wp-json\/wp\/v2\/product"}],"about":[{"href":"https:\/\/www.fourgrandmere.com\/fr\/wp-json\/wp\/v2\/types\/product"}],"replies":[{"embeddable":true,"href":"https:\/\/www.fourgrandmere.com\/fr\/wp-json\/wp\/v2\/comments?post=3282"}],"wp:featuredmedia":[{"embeddable":true,"href":"https:\/\/www.fourgrandmere.com\/fr\/wp-json\/wp\/v2\/media\/3479"}],"wp:attachment":[{"href":"https:\/\/www.fourgrandmere.com\/fr\/wp-json\/wp\/v2\/media?parent=3282"}],"wp:term":[{"taxonomy":"product_brand","embeddable":true,"href":"https:\/\/www.fourgrandmere.com\/fr\/wp-json\/wp\/v2\/product_brand?post=3282"},{"taxonomy":"product_cat","embeddable":true,"href":"https:\/\/www.fourgrandmere.com\/fr\/wp-json\/wp\/v2\/product_cat?post=3282"},{"taxonomy":"product_tag","embeddable":true,"href":"https:\/\/www.fourgrandmere.com\/fr\/wp-json\/wp\/v2\/product_tag?post=3282"}],"curies":[{"name":"wp","href":"https:\/\/api.w.org\/{rel}","templated":true}]}}