{"id":3291,"date":"2022-02-16T10:41:57","date_gmt":"2022-02-16T10:41:57","guid":{"rendered":"https:\/\/www.fourgrandmere.com\/?post_type=product&#038;p=3291"},"modified":"2025-11-15T15:29:14","modified_gmt":"2025-11-15T14:29:14","slug":"pack-isidor-pour-fours-a-bois-tradition","status":"publish","type":"product","link":"https:\/\/www.fourgrandmere.com\/fr\/produit\/pack-isidor-pour-fours-a-bois-tradition\/","title":{"rendered":"Pack Isidor pour fours \u00e0 bois Excellence"},"content":{"rendered":"<p>Le Pack Isidor est une solution compl\u00e8te qui modernise et embellit votre four Excellence en int\u00e9grant les innovations r\u00e9centes de Four Grand-M\u00e8re.<\/p>\n<p>Ce kit apporte une touche de design tout en optimisant les performances et le confort d&rsquo;utilisation de votre four \u00e0 bois.<\/p>\n<p>Le Pack Isidor comprend une <a href=\"https:\/\/www.fourgrandmere.com\/fr\/produit\/porte-fonte-vitree\/\"><span style=\"color: #ea814c;\">porte Isidor vitr\u00e9e<\/span><\/a> autonettoyante \u00e0 effet venturi, une \u00e9l\u00e9gante <a href=\"https:\/\/www.fourgrandmere.com\/fr\/produit\/barre-frontale\/\"><span style=\"color: #ea814c;\">barre frontale<\/span><\/a>, un <a href=\"https:\/\/www.fourgrandmere.com\/fr\/produit\/cendrier-en-facade-gamme-alfred\/\"><span style=\"color: #ea814c;\">cendrier Design <\/span><\/a>pour r\u00e9cup\u00e9rer et \u00e9touffer les braises, ainsi qu&rsquo;une<a href=\"https:\/\/www.fourgrandmere.com\/fr\/produit\/planche-a-decouper-plateau\/\"><span style=\"color: #ea814c;\"> planche \u00e0 d\u00e9couper <\/span><\/a>qui peut servir de support.<\/p>\n<p>Chaque accessoire est soigneusement fabriqu\u00e9 en France, pour un produit \u00e0 la fois beau, fonctionnel et durable.<\/p>\n","protected":false},"excerpt":{"rendered":"<p>Transformez votre four Excellence avec le Pack Isidor, qui r\u00e9unit les derni\u00e8res innovations de Four Grand-M\u00e8re pour un look moderne et une performance optimale.<\/p>\n","protected":false},"featured_media":10402,"comment_status":"open","ping_status":"closed","template":"","meta":{"_acf_changed":false},"product_brand":[],"product_cat":[398,410],"product_tag":[],"class_list":{"0":"post-3291","1":"product","2":"type-product","3":"status-publish","4":"has-post-thumbnail","6":"product_cat-equipements-de-pose","7":"product_cat-accessoires","8":"product_shipping_class-emballage","9":"pa_largeur-60-cm","11":"first","12":"instock","13":"taxable","14":"shipping-taxable","15":"purchasable","16":"product-type-simple"},"acf":[],"_links":{"self":[{"href":"https:\/\/www.fourgrandmere.com\/fr\/wp-json\/wp\/v2\/product\/3291","targetHints":{"allow":["GET"]}}],"collection":[{"href":"https:\/\/www.fourgrandmere.com\/fr\/wp-json\/wp\/v2\/product"}],"about":[{"href":"https:\/\/www.fourgrandmere.com\/fr\/wp-json\/wp\/v2\/types\/product"}],"replies":[{"embeddable":true,"href":"https:\/\/www.fourgrandmere.com\/fr\/wp-json\/wp\/v2\/comments?post=3291"}],"wp:featuredmedia":[{"embeddable":true,"href":"https:\/\/www.fourgrandmere.com\/fr\/wp-json\/wp\/v2\/media\/10402"}],"wp:attachment":[{"href":"https:\/\/www.fourgrandmere.com\/fr\/wp-json\/wp\/v2\/media?parent=3291"}],"wp:term":[{"taxonomy":"product_brand","embeddable":true,"href":"https:\/\/www.fourgrandmere.com\/fr\/wp-json\/wp\/v2\/product_brand?post=3291"},{"taxonomy":"product_cat","embeddable":true,"href":"https:\/\/www.fourgrandmere.com\/fr\/wp-json\/wp\/v2\/product_cat?post=3291"},{"taxonomy":"product_tag","embeddable":true,"href":"https:\/\/www.fourgrandmere.com\/fr\/wp-json\/wp\/v2\/product_tag?post=3291"}],"curies":[{"name":"wp","href":"https:\/\/api.w.org\/{rel}","templated":true}]}}