{"id":3339,"date":"2024-12-03T11:32:56","date_gmt":"2024-12-03T10:32:56","guid":{"rendered":"https:\/\/www.fourgrandmere.com\/?post_type=product&#038;p=3339"},"modified":"2025-04-11T09:43:56","modified_gmt":"2025-04-11T07:43:56","slug":"4-faces-inox","status":"publish","type":"product","link":"https:\/\/www.fourgrandmere.com\/fr\/produit\/4-faces-inox\/","title":{"rendered":"Habillage 4 faces inox"},"content":{"rendered":"<p>Cet entourage 4 faces en inox permet de r\u00e9aliser rapidement un habillage simple et esth\u00e9tique.<br \/>\nIl constitue une finition rapide du four pour une installation dans une pizz\u00e9ria ou dans un food-truck o\u00f9 sa l\u00e9g\u00e8ret\u00e9 est tr\u00e8s appr\u00e9ci\u00e9e.<\/p>\n<p>\u00c0 noter : Une isolation est \u00e0 pr\u00e9voir entre le four nu et l&rsquo;habillage 4 faces inox. Le conduit de fum\u00e9e doit \u00eatre en double isol\u00e9.<br \/>\nFabrication fran\u00e7aise dans nos ateliers.<\/p>\n<p>Existe pour les mod\u00e8les :<\/p>\n<ul>\n<li><a href=\"https:\/\/www.fourgrandmere.com\/fr\/produit\/f1030c-bois\/\">F1030<\/a><\/li>\n<li><a href=\"https:\/\/www.fourgrandmere.com\/fr\/produit\/four-a-bois-romain-allege-f1200l\/\">F1200L<\/a> (<a href=\"https:\/\/www.fourgrandmere.com\/fr\/fours-romains-pour-pizzerias-et-restaurants-\/244-f1200l-bois-surf-utile-113-m.html\">Le 1200 all\u00e9g\u00e9)\u00a0<\/a><\/li>\n<\/ul>\n","protected":false},"excerpt":{"rendered":"<p>Habillage 4 faces inox pour votre four \u00e0 bois, couvrant, dans la partie sup\u00e9rieure, chacun des cot\u00e9s du four isol\u00e9.<\/p>\n<p>Merci de nous contacter pour un devis.<\/p>\n","protected":false},"featured_media":7560,"comment_status":"open","ping_status":"closed","template":"","meta":{"_acf_changed":false},"product_brand":[],"product_cat":[398,410],"product_tag":[],"class_list":{"0":"post-3339","1":"product","2":"type-product","3":"status-publish","4":"has-post-thumbnail","6":"product_cat-equipements-de-pose","7":"product_cat-accessoires","9":"first","10":"instock","11":"downloadable","12":"purchasable","13":"product-type-simple"},"acf":[],"_links":{"self":[{"href":"https:\/\/www.fourgrandmere.com\/fr\/wp-json\/wp\/v2\/product\/3339","targetHints":{"allow":["GET"]}}],"collection":[{"href":"https:\/\/www.fourgrandmere.com\/fr\/wp-json\/wp\/v2\/product"}],"about":[{"href":"https:\/\/www.fourgrandmere.com\/fr\/wp-json\/wp\/v2\/types\/product"}],"replies":[{"embeddable":true,"href":"https:\/\/www.fourgrandmere.com\/fr\/wp-json\/wp\/v2\/comments?post=3339"}],"wp:featuredmedia":[{"embeddable":true,"href":"https:\/\/www.fourgrandmere.com\/fr\/wp-json\/wp\/v2\/media\/7560"}],"wp:attachment":[{"href":"https:\/\/www.fourgrandmere.com\/fr\/wp-json\/wp\/v2\/media?parent=3339"}],"wp:term":[{"taxonomy":"product_brand","embeddable":true,"href":"https:\/\/www.fourgrandmere.com\/fr\/wp-json\/wp\/v2\/product_brand?post=3339"},{"taxonomy":"product_cat","embeddable":true,"href":"https:\/\/www.fourgrandmere.com\/fr\/wp-json\/wp\/v2\/product_cat?post=3339"},{"taxonomy":"product_tag","embeddable":true,"href":"https:\/\/www.fourgrandmere.com\/fr\/wp-json\/wp\/v2\/product_tag?post=3339"}],"curies":[{"name":"wp","href":"https:\/\/api.w.org\/{rel}","templated":true}]}}