{"id":4576,"date":"2024-10-28T16:31:53","date_gmt":"2024-10-28T15:31:53","guid":{"rendered":"https:\/\/www.fourgrandmere.com\/?post_type=product&#038;p=4576"},"modified":"2026-01-15T18:18:27","modified_gmt":"2026-01-15T17:18:27","slug":"lextra-flamme-four-a-pizzas-et-grillades-format-xxl","status":"publish","type":"product","link":"https:\/\/www.fourgrandmere.com\/fr\/produit\/lextra-flamme-four-a-pizzas-et-grillades-format-xxl\/","title":{"rendered":"Four \u00e0 pizzas et grillades <br>L\u2019Extra-Flamme"},"content":{"rendered":"<h4>Un tr\u00e8s grand four \u00e0 pizzas et grillades id\u00e9al pour l&rsquo;ext\u00e9rieur.<\/h4>\n<p>Avec ses\u00a0<b>dimensions imposantes <\/b>h\u00e9rit\u00e9es de nos fours \u00e0 bois professionnels, L\u2019Extra Flamme est destin\u00e9 aux particuliers qui aiment recevoir en grand. Ce four \u00e0 bois vous impressionnera par la qualit\u00e9 de ses\u00a0<b>cuissons \u00e0 la flamme<\/b>, rapides et intenses\u00a0!<\/p>\n<p>Avec sa taille maxi, conjugu\u00e9e \u00e0 une <b>sole en chamotte r\u00e9fractaire de 6\u00a0cm<\/b> d\u2019\u00e9paisseur, L\u2019Extra Flamme permet de r\u00e9galer au moins 15 convives, apr\u00e8s seulement 1 h de pr\u00e9chauffage au feu de bois.<span style=\"font-weight: 400;\"><br \/>\n<\/span><\/p>\n<p>Sur sa sole de plus de 1\u00a0m de diam\u00e8tre, vous pouvez saisir 5\u00a0belles pizzas ou tartes flamb\u00e9es en moins de 3\u00a0min. Vous prendrez aussi plaisir \u00e0 y pr\u00e9parer pour vos amis des viandes et poissons grill\u00e9s, du pain, de petits plats mijot\u00e9s\u2026<\/p>\n<p>Beaucoup de nos clients choisissent de monter ce\u00a0<b>grand four \u00e0 pizzas et grillades \u00e0 l&rsquo;ext\u00e9rieur<\/b>, dans un environnement \u00e0 sa mesure. R\u00e9alis\u00e9 \u00e0 partir d&rsquo;argile r\u00e9fractaire de France, cuite et concass\u00e9e, L\u2019Extra Flamme r\u00e9siste au gel et aux intemp\u00e9ries. Il passera sans crainte l&rsquo;hiver sur votre terrasse ou au jardin.<span style=\"font-weight: 400;\"><br \/>\n<\/span>Et si l&rsquo;am\u00e9nagement de votre maison le permet, L\u2019Extra Flamme s&rsquo;installe aussi parfaitement <b>en int\u00e9rieur<\/b><span style=\"font-weight: 400;\">\u00a0!<\/span><\/p>\n<p>Vous pr\u00e9f\u00e9rez un four \u00e0 pizzas et grillades de taille plus modeste\u00a0?\u00a0Le Grand Flamme\u00a0poss\u00e8de toutes les qualit\u00e9s de son grand fr\u00e8re, avec une sole de 80\u00a0cm de diam\u00e8tre.<\/p>\n<p>&nbsp;<\/p>\n<h4>Les habillages en option.<\/h4>\n<p>Vous pouvez habiller L\u2019Extra Flamme \u00e0 votre go\u00fbt ou <span style=\"font-weight: 400;\"><strong>s\u00e9lectionner l\u2019un de nos habillages sur mesure<\/strong>. <\/span>Pr\u00eats \u00e0 \u00eatre mont\u00e9s, ces habillages sont parfaitement adapt\u00e9s aux dimensions de votre four \u00e0 bois.<\/p>\n<p>&nbsp;<\/p>\n<h4>Garantie et service client.<\/h4>\n<p>L\u2019Extra Flamme est <strong>garanti 10 ans<\/strong> pour un usage domestique normal dans toute l&rsquo;Union europ\u00e9enne, en Grande-Bretagne, en Norv\u00e8ge et en Suisse. Pour toute question ou conseil d&rsquo;utilisation, <a href=\"https:\/\/www.fourgrandmere.com\/fr\/nous-contacter\">contactez-nous<\/a> ou l&rsquo;un de nos <a href=\"https:\/\/www.fourgrandmere.com\/fr\/magasins\">partenaires agr\u00e9\u00e9s<\/a>.<\/p>\n","protected":false},"excerpt":{"rendered":"<p><strong>Le four \u00e0 pizzas &amp; barbecue \u00e0 la capacit\u00e9 de cuisson XXL !<\/strong><br \/>\nVous aimez faire les choses en grand et organiser des repas aux allures de banquet\u00a0? Gr\u00e2ce \u00e0 sa sole de plus de 1\u00a0m de diam\u00e8tre, ce four poss\u00e8de la m\u00eame capacit\u00e9 de cuisson que certains de nos fours \u00e0 bois professionnels\u00a0!<br \/>\nSes dimensions imposantes font de l\u2019Extra Flamme un four id\u00e9al pour la terrasse ou le jardin, mais il s\u2019installe aussi volontiers \u00e0 l\u2019int\u00e9rieur.<\/p>\n","protected":false},"featured_media":7657,"comment_status":"closed","ping_status":"closed","template":"","meta":{"_acf_changed":false},"product_brand":[],"product_cat":[314,305],"product_tag":[713],"class_list":{"0":"post-4576","1":"product","2":"type-product","3":"status-publish","4":"has-post-thumbnail","6":"product_cat-fours-a-pizzas-et-grillades","7":"product_cat-particuliers","8":"product_tag-four","10":"first","11":"instock","12":"taxable","13":"shipping-taxable","14":"product-type-simple"},"acf":[],"_links":{"self":[{"href":"https:\/\/www.fourgrandmere.com\/fr\/wp-json\/wp\/v2\/product\/4576","targetHints":{"allow":["GET"]}}],"collection":[{"href":"https:\/\/www.fourgrandmere.com\/fr\/wp-json\/wp\/v2\/product"}],"about":[{"href":"https:\/\/www.fourgrandmere.com\/fr\/wp-json\/wp\/v2\/types\/product"}],"replies":[{"embeddable":true,"href":"https:\/\/www.fourgrandmere.com\/fr\/wp-json\/wp\/v2\/comments?post=4576"}],"wp:featuredmedia":[{"embeddable":true,"href":"https:\/\/www.fourgrandmere.com\/fr\/wp-json\/wp\/v2\/media\/7657"}],"wp:attachment":[{"href":"https:\/\/www.fourgrandmere.com\/fr\/wp-json\/wp\/v2\/media?parent=4576"}],"wp:term":[{"taxonomy":"product_brand","embeddable":true,"href":"https:\/\/www.fourgrandmere.com\/fr\/wp-json\/wp\/v2\/product_brand?post=4576"},{"taxonomy":"product_cat","embeddable":true,"href":"https:\/\/www.fourgrandmere.com\/fr\/wp-json\/wp\/v2\/product_cat?post=4576"},{"taxonomy":"product_tag","embeddable":true,"href":"https:\/\/www.fourgrandmere.com\/fr\/wp-json\/wp\/v2\/product_tag?post=4576"}],"curies":[{"name":"wp","href":"https:\/\/api.w.org\/{rel}","templated":true}]}}