{"id":5345,"date":"2024-11-07T11:33:01","date_gmt":"2024-11-07T10:33:01","guid":{"rendered":"https:\/\/www.fourgrandmere.com\/?post_type=product&#038;p=5345"},"modified":"2025-05-16T11:41:39","modified_gmt":"2025-05-16T09:41:39","slug":"four-a-bois-super-pro-1200-pour-les-professionnels-de-la-restauration","status":"publish","type":"product","link":"https:\/\/www.fourgrandmere.com\/fr\/produit\/four-a-bois-super-pro-1200-pour-les-professionnels-de-la-restauration\/","title":{"rendered":"Four professionnel au feu de bois SUPER PRO 1200"},"content":{"rendered":"<p>Con\u00e7u pour les professionnels, le four \u00e0 bois SUPER PRO 1200 est le plus petit des SUPER PRO. Gr\u00e2ce \u00e0 un portique m\u00e9tallique qui supporte la pi\u00e8ce centrale de vo\u00fbte, vous b\u00e9n\u00e9ficiez d&rsquo;une surface de cuisson optimis\u00e9e de 1,13 m\u00b2.<\/p>\n<p>Le four \u00e0 bois SUPER PRO 1200 est con\u00e7u pour les professionnels recherchant efficacit\u00e9 et fiabilit\u00e9. Avec sa <strong>vo\u00fbte en chamotte r\u00e9fractaire de 8 cm d\u2019\u00e9paisseur <\/strong>et sa<strong>\u00a0sole en brique de 6 cm d&rsquo;\u00e9paisseur<\/strong>, il conserve parfaitement la chaleur et assure une cuisson r\u00e9guli\u00e8re et rapide.<\/p>\n<p>Adapt\u00e9 \u00e0 de nombreuses pr\u00e9parations, il convient aussi bien pour la cuisson de pizzas et de grillades que de pain et de plats gratin\u00e9s. Sa porte en fonte et son cintre de porte briquet\u00e9 typiques des fours traditionnels ajoutent une touche d\u2019authenticit\u00e9 \u00e0 votre \u00e9tablissement.<\/p>\n<h4><\/h4>\n<h4>Garantie et service client.<\/h4>\n<p>Four fabriqu\u00e9 en France, dans nos ateliers. <strong>Garantie pi\u00e8ces 5 ans (10 ans avec l\u2019option vo\u00fbte brique)<\/strong> dans toute l\u2019Union europ\u00e9enne, en Grande-Bretagne, en Norv\u00e8ge et en Suisse pour un usage professionnel intensif.<\/p>\n","protected":false},"excerpt":{"rendered":"<p>D\u00e9couvrez le four \u00e0 bois <strong>SUPER PRO 1200<\/strong>. Destin\u00e9 aux professionnels, il cuit<strong> jusqu\u2019\u00e0 6 pizzas simultan\u00e9ment<\/strong>.<\/p>\n","protected":false},"featured_media":2023,"comment_status":"open","ping_status":"closed","template":"","meta":{"_acf_changed":false},"product_brand":[],"product_cat":[960,335,365,332],"product_tag":[713],"class_list":{"0":"post-5345","1":"product","2":"type-product","3":"status-publish","4":"has-post-thumbnail","6":"product_cat-fours-a-pizzas-bois-grande-capacite-super-pro","7":"product_cat-fours-romains-pour-pizzerias-et-restaurants","8":"product_cat-professionnels","9":"product_cat-fours-a-pizzas-professionnels","10":"product_tag-four","11":"pa_surface-de-la-sole-976","13":"first","14":"outofstock","15":"purchasable","16":"product-type-simple"},"acf":[],"_links":{"self":[{"href":"https:\/\/www.fourgrandmere.com\/fr\/wp-json\/wp\/v2\/product\/5345","targetHints":{"allow":["GET"]}}],"collection":[{"href":"https:\/\/www.fourgrandmere.com\/fr\/wp-json\/wp\/v2\/product"}],"about":[{"href":"https:\/\/www.fourgrandmere.com\/fr\/wp-json\/wp\/v2\/types\/product"}],"replies":[{"embeddable":true,"href":"https:\/\/www.fourgrandmere.com\/fr\/wp-json\/wp\/v2\/comments?post=5345"}],"wp:featuredmedia":[{"embeddable":true,"href":"https:\/\/www.fourgrandmere.com\/fr\/wp-json\/wp\/v2\/media\/2023"}],"wp:attachment":[{"href":"https:\/\/www.fourgrandmere.com\/fr\/wp-json\/wp\/v2\/media?parent=5345"}],"wp:term":[{"taxonomy":"product_brand","embeddable":true,"href":"https:\/\/www.fourgrandmere.com\/fr\/wp-json\/wp\/v2\/product_brand?post=5345"},{"taxonomy":"product_cat","embeddable":true,"href":"https:\/\/www.fourgrandmere.com\/fr\/wp-json\/wp\/v2\/product_cat?post=5345"},{"taxonomy":"product_tag","embeddable":true,"href":"https:\/\/www.fourgrandmere.com\/fr\/wp-json\/wp\/v2\/product_tag?post=5345"}],"curies":[{"name":"wp","href":"https:\/\/api.w.org\/{rel}","templated":true}]}}